{"id":2057,"date":"2022-10-31T17:08:17","date_gmt":"2022-10-31T17:08:17","guid":{"rendered":"https:\/\/luique.bslthemes.com\/?page_id=2057"},"modified":"2024-08-22T23:44:12","modified_gmt":"2024-08-22T20:44:12","slug":"yazilarim","status":"publish","type":"page","link":"https:\/\/www.tacettintatliagiz.com\/2024\/yazilarim\/","title":{"rendered":"Yaz\u0131lar\u0131m"},"content":{"rendered":"\t\t<div data-elementor-type=\"wp-page\" data-elementor-id=\"2057\" class=\"elementor elementor-2057\">\n\t\t\t\t\t\t<section class=\"elementor-section elementor-top-section elementor-element elementor-element-1dfe860 elementor-section-boxed elementor-section-height-default elementor-section-height-default\" data-id=\"1dfe860\" data-element_type=\"section\">\n\t\t\t\t\t\t<div class=\"elementor-container elementor-column-gap-default\">\n\t\t\t\t\t<div class=\"elementor-column elementor-col-100 elementor-top-column elementor-element elementor-element-f084171\" data-id=\"f084171\" data-element_type=\"column\">\n\t\t\t<div class=\"elementor-widget-wrap elementor-element-populated\">\n\t\t\t\t\t\t<div class=\"elementor-element elementor-element-e42dba3 elementor-grid-2 elementor-grid-tablet-2 elementor-grid-mobile-1 elementor-posts--thumbnail-top elementor-card-shadow-yes elementor-posts__hover-gradient elementor-widget elementor-widget-posts\" data-id=\"e42dba3\" data-element_type=\"widget\" data-settings=\"{&quot;cards_columns&quot;:&quot;2&quot;,&quot;cards_columns_tablet&quot;:&quot;2&quot;,&quot;cards_columns_mobile&quot;:&quot;1&quot;,&quot;cards_row_gap&quot;:{&quot;unit&quot;:&quot;px&quot;,&quot;size&quot;:35,&quot;sizes&quot;:[]},&quot;cards_row_gap_tablet&quot;:{&quot;unit&quot;:&quot;px&quot;,&quot;size&quot;:&quot;&quot;,&quot;sizes&quot;:[]},&quot;cards_row_gap_mobile&quot;:{&quot;unit&quot;:&quot;px&quot;,&quot;size&quot;:&quot;&quot;,&quot;sizes&quot;:[]}}\" data-widget_type=\"posts.cards\">\n\t\t\t\t<div class=\"elementor-widget-container\">\n\t\t\t\t\t<div class=\"elementor-posts-container elementor-posts elementor-posts--skin-cards elementor-grid\">\n\t\t\t\t<article class=\"elementor-post elementor-grid-item post-2570 post type-post status-publish format-standard has-post-thumbnail hentry category-genel\">\n\t\t\t<div class=\"elementor-post__card\">\n\t\t\t\t<a class=\"elementor-post__thumbnail__link\" href=\"https:\/\/www.tacettintatliagiz.com\/2024\/ambalajda-neler-yer-almalidir\/\" ><div class=\"elementor-post__thumbnail\"><img fetchpriority=\"high\" decoding=\"async\" width=\"300\" height=\"198\" src=\"https:\/\/www.tacettintatliagiz.com\/2024\/wp-content\/uploads\/2024\/08\/ambalaj-gorseli-300x198.jpg\" class=\"attachment-medium size-medium wp-image-2571\" alt=\"\" srcset=\"https:\/\/www.tacettintatliagiz.com\/2024\/wp-content\/uploads\/2024\/08\/ambalaj-gorseli-300x198.jpg 300w, https:\/\/www.tacettintatliagiz.com\/2024\/wp-content\/uploads\/2024\/08\/ambalaj-gorseli.jpg 676w\" sizes=\"(max-width: 300px) 100vw, 300px\" \/><\/div><\/a>\n\t\t\t\t<div class=\"elementor-post__text\">\n\t\t\t\t<h3 class=\"elementor-post__title\">\n\t\t\t<a href=\"https:\/\/www.tacettintatliagiz.com\/2024\/ambalajda-neler-yer-almalidir\/\" >\n\t\t\t\tAmbalajda Neler Yer Almal\u0131d\u0131r?\t\t\t<\/a>\n\t\t<\/h3>\n\t\t\t\t<div class=\"elementor-post__excerpt\">\n\t\t\t<p>Ambalaj, \u00fcr\u00fcn\u00fcn \u00f6nemli bir par\u00e7as\u0131d\u0131r ve \u00fcr\u00fcn, onu yapan \u015firket ve nereden sat\u0131n al\u0131naca\u011f\u0131 hakk\u0131nda bilgileri i\u00e7ermelidir. T\u00fcketicilerin \u00fcr\u00fcn\u00fc sat\u0131n almak isteyebilmesi i\u00e7in ambalaj\u0131n da \u00e7ekici olmas\u0131 gerekir. A\u015fa\u011f\u0131da t\u00fcketicilere hitap edecek ambalaj tasar\u0131m\u0131 i\u00e7in baz\u0131 ipu\u00e7lar\u0131 verilmi\u015ftir: Ambalaj, \u00fcr\u00fcn\u00fcn ve sat\u0131\u015f\u0131n\u0131n \u00f6nemli bir par\u00e7as\u0131d\u0131r. Bir \u00fcr\u00fcn\u00fcn sat\u0131\u015f\u0131 s\u00f6z konusu oldu\u011funda, ambalaj m\u00fc\u015fteriye \u00e7ekici ve kullan\u0131m\u0131 kolay olmal\u0131d\u0131r. M\u00fc\u015fterilerin \u00fcr\u00fcn\u00fc do\u011fru bir \u015fekilde<\/p>\n\t\t<\/div>\n\t\t\n\t\t<a class=\"elementor-post__read-more\" href=\"https:\/\/www.tacettintatliagiz.com\/2024\/ambalajda-neler-yer-almalidir\/\" >\n\t\t\tDevam\u0131 \u00bb\t\t<\/a>\n\n\t\t\t\t<\/div>\n\t\t\t\t<div class=\"elementor-post__meta-data\">\n\t\t\t\t\t<span class=\"elementor-post-date\">\n\t\t\t22 A\u011fustos 2024\t\t<\/span>\n\t\t\t\t<span class=\"elementor-post-avatar\">\n\t\t\tYorum yap\u0131lmam\u0131\u015f\t\t<\/span>\n\t\t\t\t<\/div>\n\t\t\t\t\t<\/div>\n\t\t<\/article>\n\t\t\t\t<article class=\"elementor-post elementor-grid-item post-2564 post type-post status-publish format-standard has-post-thumbnail hentry category-genel\">\n\t\t\t<div class=\"elementor-post__card\">\n\t\t\t\t<a class=\"elementor-post__thumbnail__link\" href=\"https:\/\/www.tacettintatliagiz.com\/2024\/marka-olmak-ve-gorsellik-baglantisi-nedir\/\" ><div class=\"elementor-post__thumbnail\"><img decoding=\"async\" width=\"300\" height=\"169\" src=\"https:\/\/www.tacettintatliagiz.com\/2024\/wp-content\/uploads\/2024\/08\/marka-olmak-1024x576-1-300x169.jpg\" class=\"attachment-medium size-medium wp-image-2566\" alt=\"\" srcset=\"https:\/\/www.tacettintatliagiz.com\/2024\/wp-content\/uploads\/2024\/08\/marka-olmak-1024x576-1-300x169.jpg 300w, https:\/\/www.tacettintatliagiz.com\/2024\/wp-content\/uploads\/2024\/08\/marka-olmak-1024x576-1-768x432.jpg 768w, https:\/\/www.tacettintatliagiz.com\/2024\/wp-content\/uploads\/2024\/08\/marka-olmak-1024x576-1-900x506.jpg 900w, https:\/\/www.tacettintatliagiz.com\/2024\/wp-content\/uploads\/2024\/08\/marka-olmak-1024x576-1-749x421.jpg 749w, https:\/\/www.tacettintatliagiz.com\/2024\/wp-content\/uploads\/2024\/08\/marka-olmak-1024x576-1.jpg 1024w\" sizes=\"(max-width: 300px) 100vw, 300px\" \/><\/div><\/a>\n\t\t\t\t<div class=\"elementor-post__text\">\n\t\t\t\t<h3 class=\"elementor-post__title\">\n\t\t\t<a href=\"https:\/\/www.tacettintatliagiz.com\/2024\/marka-olmak-ve-gorsellik-baglantisi-nedir\/\" >\n\t\t\t\tMarka Olmak ve G\u00f6rsellik Ba\u011flant\u0131s\u0131 nedir?\t\t\t<\/a>\n\t\t<\/h3>\n\t\t\t\t<div class=\"elementor-post__excerpt\">\n\t\t\t<p>G\u00f6rsellik, pazarlama ve tasar\u0131mda s\u0131kl\u0131kla kullan\u0131lan bir kelimedir. Nesnelerin nas\u0131l g\u00f6r\u00fcnd\u00fc\u011f\u00fc, hissetti\u011fi veya ses \u00e7\u0131kard\u0131\u011f\u0131 olarak tan\u0131mlanm\u0131\u015ft\u0131r. Markalar, i\u015fletmeler ve bireyler, m\u00fc\u015fterileriyle ba\u011flant\u0131 kurmak i\u00e7in g\u00f6rsel markala\u015fmaya g\u00fcvenirler. G\u00f6rsellik, resim ve grafik kullan\u0131m\u0131, renkler ve d\u00fczen gibi farkl\u0131 \u015fekillerde kullan\u0131labilir. Ayn\u0131 zamanda \u00fcr\u00fcnlerin tasarlanma ve pazarlanma \u015fekillerinde de g\u00f6r\u00fclebilir. Markalar i\u00e7in g\u00f6rsellik \u00f6nemlidir. Bir \u015firketin m\u00fc\u015fterileriyle ba\u011flant\u0131 kurmas\u0131n\u0131n ve bir kimlik duygusu yaratmaya<\/p>\n\t\t<\/div>\n\t\t\n\t\t<a class=\"elementor-post__read-more\" href=\"https:\/\/www.tacettintatliagiz.com\/2024\/marka-olmak-ve-gorsellik-baglantisi-nedir\/\" >\n\t\t\tDevam\u0131 \u00bb\t\t<\/a>\n\n\t\t\t\t<\/div>\n\t\t\t\t<div class=\"elementor-post__meta-data\">\n\t\t\t\t\t<span class=\"elementor-post-date\">\n\t\t\t22 A\u011fustos 2024\t\t<\/span>\n\t\t\t\t<span class=\"elementor-post-avatar\">\n\t\t\tYorum yap\u0131lmam\u0131\u015f\t\t<\/span>\n\t\t\t\t<\/div>\n\t\t\t\t\t<\/div>\n\t\t<\/article>\n\t\t\t\t<article class=\"elementor-post elementor-grid-item post-2557 post type-post status-publish format-standard has-post-thumbnail hentry category-genel\">\n\t\t\t<div class=\"elementor-post__card\">\n\t\t\t\t<a class=\"elementor-post__thumbnail__link\" href=\"https:\/\/www.tacettintatliagiz.com\/2024\/kaliteli-gorsellik-tasarim-gerektiriyor\/\" ><div class=\"elementor-post__thumbnail\"><img decoding=\"async\" width=\"300\" height=\"200\" src=\"https:\/\/www.tacettintatliagiz.com\/2024\/wp-content\/uploads\/2024\/08\/Kaliteli-Gorsellik-Tasarim-Gerektiriyor-1024x683-1-300x200.jpg\" class=\"attachment-medium size-medium wp-image-2558\" alt=\"\" srcset=\"https:\/\/www.tacettintatliagiz.com\/2024\/wp-content\/uploads\/2024\/08\/Kaliteli-Gorsellik-Tasarim-Gerektiriyor-1024x683-1-300x200.jpg 300w, https:\/\/www.tacettintatliagiz.com\/2024\/wp-content\/uploads\/2024\/08\/Kaliteli-Gorsellik-Tasarim-Gerektiriyor-1024x683-1-768x512.jpg 768w, https:\/\/www.tacettintatliagiz.com\/2024\/wp-content\/uploads\/2024\/08\/Kaliteli-Gorsellik-Tasarim-Gerektiriyor-1024x683-1-900x600.jpg 900w, https:\/\/www.tacettintatliagiz.com\/2024\/wp-content\/uploads\/2024\/08\/Kaliteli-Gorsellik-Tasarim-Gerektiriyor-1024x683-1-749x500.jpg 749w, https:\/\/www.tacettintatliagiz.com\/2024\/wp-content\/uploads\/2024\/08\/Kaliteli-Gorsellik-Tasarim-Gerektiriyor-1024x683-1.jpg 1024w\" sizes=\"(max-width: 300px) 100vw, 300px\" \/><\/div><\/a>\n\t\t\t\t<div class=\"elementor-post__text\">\n\t\t\t\t<h3 class=\"elementor-post__title\">\n\t\t\t<a href=\"https:\/\/www.tacettintatliagiz.com\/2024\/kaliteli-gorsellik-tasarim-gerektiriyor\/\" >\n\t\t\t\tKaliteli G\u00f6rsellik Tasar\u0131m Gerektiriyor\t\t\t<\/a>\n\t\t<\/h3>\n\t\t\t\t<div class=\"elementor-post__excerpt\">\n\t\t\t<p>Kaliteli g\u00f6rseller tasar\u0131m gerektirir. \u0130yi yap\u0131lm\u0131\u015f bir grafik tasar\u0131m, izleyicilerin mesaj\u0131n\u0131z\u0131 nas\u0131l alg\u0131lad\u0131\u011f\u0131 konusunda t\u00fcm fark\u0131 yaratabilir. \u0130ster bir web sitesi, logo veya pazarlama kampanyas\u0131 haz\u0131rl\u0131yor olun, iyi tasar\u0131m, hedef kitlenizin \u00e7al\u0131\u015fman\u0131z\u0131 anlamas\u0131na ve takdir etmesine yard\u0131mc\u0131 olacakt\u0131r. Genetik yap\u0131da standart olarak alg\u0131lar (Memetic Marketing \u2013 Mim\u2019ler) Memetik pazarlama, bir \u00fcr\u00fcn veya hizmet ile belirli bir grup insan aras\u0131nda pozitif bir ili\u015fki olu\u015fturmak<\/p>\n\t\t<\/div>\n\t\t\n\t\t<a class=\"elementor-post__read-more\" href=\"https:\/\/www.tacettintatliagiz.com\/2024\/kaliteli-gorsellik-tasarim-gerektiriyor\/\" >\n\t\t\tDevam\u0131 \u00bb\t\t<\/a>\n\n\t\t\t\t<\/div>\n\t\t\t\t<div class=\"elementor-post__meta-data\">\n\t\t\t\t\t<span class=\"elementor-post-date\">\n\t\t\t22 A\u011fustos 2024\t\t<\/span>\n\t\t\t\t<span class=\"elementor-post-avatar\">\n\t\t\tYorum yap\u0131lmam\u0131\u015f\t\t<\/span>\n\t\t\t\t<\/div>\n\t\t\t\t\t<\/div>\n\t\t<\/article>\n\t\t\t\t<article class=\"elementor-post elementor-grid-item post-2550 post type-post status-publish format-standard has-post-thumbnail hentry category-genel\">\n\t\t\t<div class=\"elementor-post__card\">\n\t\t\t\t<a class=\"elementor-post__thumbnail__link\" href=\"https:\/\/www.tacettintatliagiz.com\/2024\/noro-marketing-nedir\/\" ><div class=\"elementor-post__thumbnail\"><img loading=\"lazy\" decoding=\"async\" width=\"300\" height=\"148\" src=\"https:\/\/www.tacettintatliagiz.com\/2024\/wp-content\/uploads\/2024\/08\/noro-marketing-300x148.jpg\" class=\"attachment-medium size-medium wp-image-2555\" alt=\"\" srcset=\"https:\/\/www.tacettintatliagiz.com\/2024\/wp-content\/uploads\/2024\/08\/noro-marketing-300x148.jpg 300w, https:\/\/www.tacettintatliagiz.com\/2024\/wp-content\/uploads\/2024\/08\/noro-marketing-768x379.jpg 768w, https:\/\/www.tacettintatliagiz.com\/2024\/wp-content\/uploads\/2024\/08\/noro-marketing-749x370.jpg 749w, https:\/\/www.tacettintatliagiz.com\/2024\/wp-content\/uploads\/2024\/08\/noro-marketing.jpg 900w\" sizes=\"(max-width: 300px) 100vw, 300px\" \/><\/div><\/a>\n\t\t\t\t<div class=\"elementor-post__text\">\n\t\t\t\t<h3 class=\"elementor-post__title\">\n\t\t\t<a href=\"https:\/\/www.tacettintatliagiz.com\/2024\/noro-marketing-nedir\/\" >\n\t\t\t\tN\u00f6ro Marketing bizlere ne ifade ediyor?\t\t\t<\/a>\n\t\t<\/h3>\n\t\t\t\t<div class=\"elementor-post__excerpt\">\n\t\t\t<p>D\u00fcnyada ve T\u00fcrkiye\u2019de b\u00fcy\u00fck firmalar\u0131n s\u0131k s\u0131k tercih etti\u011fi, t\u00fcketicinin bilin\u00e7alt\u0131na y\u00f6nelik uygulanan stratejiler sonucu sat\u0131\u015f art\u0131\u015f\u0131 sa\u011flayan N\u00f6romarketing\u2019i s\u0131k s\u0131k duymaya ba\u015flad\u0131\u011f\u0131k. https:\/\/youtu.be\/-EuUplyvjmc<\/p>\n\t\t<\/div>\n\t\t\n\t\t<a class=\"elementor-post__read-more\" href=\"https:\/\/www.tacettintatliagiz.com\/2024\/noro-marketing-nedir\/\" >\n\t\t\tDevam\u0131 \u00bb\t\t<\/a>\n\n\t\t\t\t<\/div>\n\t\t\t\t<div class=\"elementor-post__meta-data\">\n\t\t\t\t\t<span class=\"elementor-post-date\">\n\t\t\t22 A\u011fustos 2024\t\t<\/span>\n\t\t\t\t<span class=\"elementor-post-avatar\">\n\t\t\tYorum yap\u0131lmam\u0131\u015f\t\t<\/span>\n\t\t\t\t<\/div>\n\t\t\t\t\t<\/div>\n\t\t<\/article>\n\t\t\t\t<\/div>\n\n\n\t\t\n\t\t\t\t<\/div>\n\t\t\t\t<\/div>\n\t\t\t\t\t<\/div>\n\t\t<\/div>\n\t\t\t\t\t<\/div>\n\t\t<\/section>\n\t\t\t\t<\/div>\n\t\t","protected":false},"excerpt":{"rendered":"","protected":false},"author":1,"featured_media":0,"parent":0,"menu_order":0,"comment_status":"closed","ping_status":"closed","template":"","meta":{"_acf_changed":false,"_monsterinsights_skip_tracking":false,"_monsterinsights_sitenote_active":false,"_monsterinsights_sitenote_note":"","_monsterinsights_sitenote_category":0,"footnotes":""},"class_list":["post-2057","page","type-page","status-publish","hentry"],"acf":[],"aioseo_notices":[],"_links":{"self":[{"href":"https:\/\/www.tacettintatliagiz.com\/2024\/wp-json\/wp\/v2\/pages\/2057","targetHints":{"allow":["GET"]}}],"collection":[{"href":"https:\/\/www.tacettintatliagiz.com\/2024\/wp-json\/wp\/v2\/pages"}],"about":[{"href":"https:\/\/www.tacettintatliagiz.com\/2024\/wp-json\/wp\/v2\/types\/page"}],"author":[{"embeddable":true,"href":"https:\/\/www.tacettintatliagiz.com\/2024\/wp-json\/wp\/v2\/users\/1"}],"replies":[{"embeddable":true,"href":"https:\/\/www.tacettintatliagiz.com\/2024\/wp-json\/wp\/v2\/comments?post=2057"}],"version-history":[{"count":10,"href":"https:\/\/www.tacettintatliagiz.com\/2024\/wp-json\/wp\/v2\/pages\/2057\/revisions"}],"predecessor-version":[{"id":2704,"href":"https:\/\/www.tacettintatliagiz.com\/2024\/wp-json\/wp\/v2\/pages\/2057\/revisions\/2704"}],"wp:attachment":[{"href":"https:\/\/www.tacettintatliagiz.com\/2024\/wp-json\/wp\/v2\/media?parent=2057"}],"curies":[{"name":"wp","href":"https:\/\/api.w.org\/{rel}","templated":true}]}}