{"id":2712,"date":"2024-08-23T10:30:36","date_gmt":"2024-08-23T07:30:36","guid":{"rendered":"https:\/\/www.tacettintatliagiz.com\/2024\/?page_id=2712"},"modified":"2024-08-23T10:56:18","modified_gmt":"2024-08-23T07:56:18","slug":"iletisim","status":"publish","type":"page","link":"https:\/\/www.tacettintatliagiz.com\/2024\/iletisim\/","title":{"rendered":"\u0130leti\u015fim"},"content":{"rendered":"\t\t<div data-elementor-type=\"wp-page\" data-elementor-id=\"2712\" class=\"elementor elementor-2712\">\n\t\t\t\t\t\t<section class=\"elementor-section elementor-top-section elementor-element elementor-element-17d23e60 elementor-section-full_width lui-gradient-bottom elementor-section-height-default elementor-section-height-default\" data-id=\"17d23e60\" data-element_type=\"section\" id=\"contact-section\">\n\t\t\t\t\t\t<div class=\"elementor-container elementor-column-gap-no\">\n\t\t\t\t\t<div class=\"elementor-column elementor-col-100 elementor-top-column elementor-element elementor-element-49d095f7\" data-id=\"49d095f7\" data-element_type=\"column\">\n\t\t\t<div class=\"elementor-widget-wrap elementor-element-populated\">\n\t\t\t\t\t\t<section class=\"elementor-section elementor-inner-section elementor-element elementor-element-2d4921f8 elementor-section-boxed elementor-section-height-default elementor-section-height-default\" data-id=\"2d4921f8\" data-element_type=\"section\">\n\t\t\t\t\t\t<div class=\"elementor-container elementor-column-gap-default\">\n\t\t\t\t\t<div class=\"elementor-column elementor-col-100 elementor-inner-column elementor-element elementor-element-102d4d31\" data-id=\"102d4d31\" data-element_type=\"column\">\n\t\t\t<div class=\"elementor-widget-wrap elementor-element-populated\">\n\t\t\t\t\t\t<div class=\"elementor-element elementor-element-6dbd45dd elementor-widget elementor-widget-luique-section-heading\" data-id=\"6dbd45dd\" data-element_type=\"widget\" data-widget_type=\"luique-section-heading.default\">\n\t\t\t\t<div class=\"elementor-widget-container\">\n\t\t\t\n\t\t<!-- Section Heading -->\n\t\t\t\t<div class=\"m-titles\">\n\t\t\t\t\t\t<h2 class=\"m-title splitting-text-anim-1 scroll-animate\" data-splitting=\"words\" data-animate=\"active\">\n\t\t\t\t<span >\n\t\t\t\t\t<br>Bana ula\u015f\u0131n\t\t\t\t<\/span>\n\t\t\t<\/h2>\n\t\t\t\t\t\t\t\t\t<div class=\"m-subtitle splitting-text-anim-1 scroll-animate\" data-splitting=\"words\" data-animate=\"active\">\n\t\t\t\t<span >\n\t\t\t\t\tHaydi, <b>\u0130htiya\u00e7lar\u0131n\u0131z ve Fikirler \u00fczerine konu\u015fal\u0131m\n<\/b>\n\t\t\t\t<\/span>\n\t\t\t<\/div>\n\t\t\t\t\t<\/div>\n\t\t\n\t\t\t\t<\/div>\n\t\t\t\t<\/div>\n\t\t\t\t\t<\/div>\n\t\t<\/div>\n\t\t\t\t\t<\/div>\n\t\t<\/section>\n\t\t\t\t<section class=\"elementor-section elementor-inner-section elementor-element elementor-element-7a2ce5ea v-line v-line-left elementor-section-boxed elementor-section-height-default elementor-section-height-default\" data-id=\"7a2ce5ea\" data-element_type=\"section\">\n\t\t\t\t\t\t<div class=\"elementor-container elementor-column-gap-default\">\n\t\t\t\t\t<div class=\"elementor-column elementor-col-50 elementor-inner-column elementor-element elementor-element-4dfe3fb6\" data-id=\"4dfe3fb6\" data-element_type=\"column\">\n\t\t\t<div class=\"elementor-widget-wrap elementor-element-populated\">\n\t\t\t\t\t\t<div class=\"elementor-element elementor-element-2efbd25f elementor-widget elementor-widget-luique-about-numbers\" data-id=\"2efbd25f\" data-element_type=\"widget\" data-widget_type=\"luique-about-numbers.default\">\n\t\t\t\t<div class=\"elementor-widget-container\">\n\t\t\t\n\t\t<!-- Section contact info -->\n\t\t\t\t<div class=\"numbers-items\">\n\t\t\t\t\t    <div class=\"numbers-item scrolla-element-anim-1 scroll-animate\" data-animate=\"active\">\n\t\t    \t\t\t    \t<div class=\"icon\">\n\t\t\t\t\t\t<i aria-hidden=\"true\" class=\"far fa-address-book\"><\/i>\t\t\t\t\t<\/div>\n\t\t\t\t\t\t\t\t\t\t\t\t\t\t\t<div class=\"title\">\n\t\t\t\t\t\t<span >\n\t\t\t\t\t\t\tTelefon\t\t\t\t\t\t<\/span>\n\t\t\t\t\t<\/div>\n\t\t\t\t\t\t\t\t\t\t\t\t\t\t\t<div class=\"lui-text\">\n\t\t\t\t\t\t<span >\n\t\t\t\t\t\t\t+90 530 855 24 44\t\t\t\t\t\t<\/span>\n\t\t\t\t\t<\/div>\n\t\t\t\t\t\t\t\t\t<\/div>\n\t\t\t\t\t\t    <div class=\"numbers-item scrolla-element-anim-1 scroll-animate\" data-animate=\"active\">\n\t\t    \t\t\t    \t<div class=\"icon\">\n\t\t\t\t\t\t<i aria-hidden=\"true\" class=\"far fa-envelope\"><\/i>\t\t\t\t\t<\/div>\n\t\t\t\t\t\t\t\t\t\t\t\t\t\t\t<div class=\"title\">\n\t\t\t\t\t\t<span >\n\t\t\t\t\t\t\tEmail\t\t\t\t\t\t<\/span>\n\t\t\t\t\t<\/div>\n\t\t\t\t\t\t\t\t\t\t\t\t\t\t\t<div class=\"lui-text\">\n\t\t\t\t\t\t<span >\n\t\t\t\t\t\t\tinfo@tacettintatliagiz.com\t\t\t\t\t\t<\/span>\n\t\t\t\t\t<\/div>\n\t\t\t\t\t\t\t\t\t<\/div>\n\t\t\t\t\t\t    <div class=\"numbers-item scrolla-element-anim-1 scroll-animate\" data-animate=\"active\">\n\t\t    \t\t\t    \t<div class=\"icon\">\n\t\t\t\t\t\t<i aria-hidden=\"true\" class=\"far fa-map\"><\/i>\t\t\t\t\t<\/div>\n\t\t\t\t\t\t\t\t\t\t\t\t\t\t\t<div class=\"title\">\n\t\t\t\t\t\t<span >\n\t\t\t\t\t\t\tAdres\t\t\t\t\t\t<\/span>\n\t\t\t\t\t<\/div>\n\t\t\t\t\t\t\t\t\t\t\t\t\t\t\t<div class=\"lui-text\">\n\t\t\t\t\t\t<span >\n\t\t\t\t\t\t\t\u0130stanbul\t\t\t\t\t\t<\/span>\n\t\t\t\t\t<\/div>\n\t\t\t\t\t\t\t\t\t<\/div>\n\t\t\t\t\t\t<\/div>\n\t\t\n\t\t\t\t<\/div>\n\t\t\t\t<\/div>\n\t\t\t\t\t<\/div>\n\t\t<\/div>\n\t\t\t\t<div class=\"elementor-column elementor-col-50 elementor-inner-column elementor-element elementor-element-60bcd855\" data-id=\"60bcd855\" data-element_type=\"column\">\n\t\t\t<div class=\"elementor-widget-wrap elementor-element-populated\">\n\t\t\t\t\t\t<div class=\"elementor-element elementor-element-6a103126 elementor-widget elementor-widget-luique-cf7-form\" data-id=\"6a103126\" data-element_type=\"widget\" data-widget_type=\"luique-cf7-form.default\">\n\t\t\t\t<div class=\"elementor-widget-container\">\n\t\t\t\n\t\t\t\t<!-- contact form -->\n\t\t<div class=\"contacts-form scrolla-element-anim-1 scroll-animate\" data-animate=\"active\">\n\t\t\t\t\t\t<div class=\"bg-img\" style=\"background-image: url(https:\/\/www.tacettintatliagiz.com\/2024\/wp-content\/uploads\/2022\/09\/pat-1.png);\"><\/div>\n\t\t\t\t\t\t\n<div class=\"wpcf7 no-js\" id=\"wpcf7-f1087-o1\" lang=\"en-US\" dir=\"ltr\">\n<div class=\"screen-reader-response\"><p role=\"status\" aria-live=\"polite\" aria-atomic=\"true\"><\/p> <ul><\/ul><\/div>\n<form action=\"\/2024\/wp-json\/wp\/v2\/pages\/2712#wpcf7-f1087-o1\" method=\"post\" class=\"wpcf7-form init\" aria-label=\"Contact form\" novalidate=\"novalidate\" data-status=\"init\">\n<div style=\"display: none;\">\n<input type=\"hidden\" name=\"_wpcf7\" value=\"1087\" \/>\n<input type=\"hidden\" name=\"_wpcf7_version\" value=\"5.9.8\" \/>\n<input type=\"hidden\" name=\"_wpcf7_locale\" value=\"en_US\" \/>\n<input type=\"hidden\" name=\"_wpcf7_unit_tag\" value=\"wpcf7-f1087-o1\" \/>\n<input type=\"hidden\" name=\"_wpcf7_container_post\" value=\"0\" \/>\n<input type=\"hidden\" name=\"_wpcf7_posted_data_hash\" value=\"\" \/>\n<\/div>\n<div class=\"row\">\n<div class=\"col-xs-12 col-sm-6 col-md-6 col-lg-6\">\n<div class=\"group\">\n<label>\u0130SM\u0130N\u0130Z<b>*<\/b><span class=\"wpcf7-form-control-wrap\" data-name=\"your-name\"><input size=\"40\" maxlength=\"400\" class=\"wpcf7-form-control wpcf7-text wpcf7-validates-as-required\" aria-required=\"true\" aria-invalid=\"false\" value=\"\" type=\"text\" name=\"your-name\" \/><\/span><\/label>\n<\/div>\n<\/div>\n<div class=\"col-xs-12 col-sm-6 col-md-6 col-lg-6\">\n<div class=\"group\">\n<label>EMAIL ADRES\u0130N\u0130Z<b>*<\/b><span class=\"wpcf7-form-control-wrap\" data-name=\"your-email\"><input size=\"40\" maxlength=\"400\" class=\"wpcf7-form-control wpcf7-email wpcf7-validates-as-required wpcf7-text wpcf7-validates-as-email\" aria-required=\"true\" aria-invalid=\"false\" value=\"\" type=\"email\" name=\"your-email\" \/><\/span><\/label>\n<\/div>\n<\/div>\n<div class=\"col-xs-12 col-sm-12 col-md-12 col-lg-12\">\n<div class=\"group\">\n<label>Konu <b>*<\/b><span class=\"wpcf7-form-control-wrap\" data-name=\"your-subject\"><input size=\"40\" maxlength=\"400\" class=\"wpcf7-form-control wpcf7-text wpcf7-validates-as-required\" aria-required=\"true\" aria-invalid=\"false\" value=\"\" type=\"text\" name=\"your-subject\" \/><\/span><\/label>\n<\/div>\n<\/div>\n<div class=\"col-xs-12 col-sm-12 col-md-12 col-lg-12\">\n<div class=\"group\">\n<label>Mesaj <b>*<\/b><span class=\"wpcf7-form-control-wrap\" data-name=\"your-message\"><textarea cols=\"40\" rows=\"10\" maxlength=\"2000\" class=\"wpcf7-form-control wpcf7-textarea wpcf7-validates-as-required\" aria-required=\"true\" aria-invalid=\"false\" name=\"your-message\"><\/textarea><\/span><\/label>\n<\/div>\n<\/div>\n<div class=\"col-xs-12 col-sm-12 col-md-12 col-lg-12 align-right\">\n<div class=\"terms-label\">\n<span class=\"wpcf7-form-control-wrap\" data-name=\"checkbox-term\"><span class=\"wpcf7-form-control wpcf7-checkbox\"><span class=\"wpcf7-list-item first last\"><label><span class=\"wpcf7-list-item-label\">\u0130leti\u015fim kurallar\u0131 okudum, kabul ediyorum.<\/span><input type=\"checkbox\" name=\"checkbox-term[]\" value=\"\u0130leti\u015fim kurallar\u0131 okudum, kabul ediyorum.\" \/><\/label><\/span><\/span><\/span>\n<\/div>\n<button class=\"btn\" type=\"submit\"><span>Mesaj\u0131 G\u00f6nder<\/span><\/button>\n<\/div>\n<\/div><div class=\"wpcf7-response-output\" aria-hidden=\"true\"><\/div>\n<\/form>\n<\/div>\n\t\t<\/div>\n\t\t\n\t\t\t\t<\/div>\n\t\t\t\t<\/div>\n\t\t\t\t\t<\/div>\n\t\t<\/div>\n\t\t\t\t\t<\/div>\n\t\t<\/section>\n\t\t\t\t<div class=\"elementor-element elementor-element-43162b2d elementor-widget elementor-widget-luique-bgtitle\" data-id=\"43162b2d\" data-element_type=\"widget\" data-widget_type=\"luique-bgtitle.default\">\n\t\t\t\t<div class=\"elementor-widget-container\">\n\t\t\t\n\t\t\t\t<div class=\"lui-bgtitle\">\n\t\t\t<span >\n\t\t\t\tContact Me\t\t\t<\/span>\n\t\t<\/div>\n\t\t\n\t\t\t\t<\/div>\n\t\t\t\t<\/div>\n\t\t\t\t<div class=\"elementor-element elementor-element-3fb3297 elementor-shape-rounded elementor-grid-0 e-grid-align-center elementor-widget elementor-widget-social-icons\" data-id=\"3fb3297\" data-element_type=\"widget\" data-widget_type=\"social-icons.default\">\n\t\t\t\t<div class=\"elementor-widget-container\">\n\t\t\t\t\t<div class=\"elementor-social-icons-wrapper elementor-grid\">\n\t\t\t\t\t\t\t<span class=\"elementor-grid-item\">\n\t\t\t\t\t<a class=\"elementor-icon elementor-social-icon elementor-social-icon-linkedin elementor-repeater-item-75da230\" href=\"https:\/\/www.linkedin.com\/in\/tacettin\/\" target=\"_blank\">\n\t\t\t\t\t\t<span class=\"elementor-screen-only\">Linkedin<\/span>\n\t\t\t\t\t\t<i class=\"fab fa-linkedin\"><\/i>\t\t\t\t\t<\/a>\n\t\t\t\t<\/span>\n\t\t\t\t\t<\/div>\n\t\t\t\t<\/div>\n\t\t\t\t<\/div>\n\t\t\t\t\t<\/div>\n\t\t<\/div>\n\t\t\t\t\t<\/div>\n\t\t<\/section>\n\t\t\t\t<\/div>\n\t\t","protected":false},"excerpt":{"rendered":"<p>Bana ula\u015f\u0131n Haydi, \u0130htiya\u00e7lar\u0131n\u0131z ve Fikirler \u00fczerine konu\u015fal\u0131m Telefon +90 530 855 24 44 Email info@tacettintatliagiz.com Adres \u0130stanbul \u0130SM\u0130N\u0130Z* EMAIL&#8230; <\/p>\n<div class=\"readmore\"><a href=\"https:\/\/www.tacettintatliagiz.com\/2024\/iletisim\/\" class=\"lnk\">Read more<\/a><\/div>\n","protected":false},"author":1,"featured_media":0,"parent":0,"menu_order":0,"comment_status":"closed","ping_status":"closed","template":"","meta":{"_acf_changed":false,"_monsterinsights_skip_tracking":false,"_monsterinsights_sitenote_active":false,"_monsterinsights_sitenote_note":"","_monsterinsights_sitenote_category":0,"footnotes":""},"class_list":["post-2712","page","type-page","status-publish","hentry"],"acf":[],"aioseo_notices":[],"_links":{"self":[{"href":"https:\/\/www.tacettintatliagiz.com\/2024\/wp-json\/wp\/v2\/pages\/2712","targetHints":{"allow":["GET"]}}],"collection":[{"href":"https:\/\/www.tacettintatliagiz.com\/2024\/wp-json\/wp\/v2\/pages"}],"about":[{"href":"https:\/\/www.tacettintatliagiz.com\/2024\/wp-json\/wp\/v2\/types\/page"}],"author":[{"embeddable":true,"href":"https:\/\/www.tacettintatliagiz.com\/2024\/wp-json\/wp\/v2\/users\/1"}],"replies":[{"embeddable":true,"href":"https:\/\/www.tacettintatliagiz.com\/2024\/wp-json\/wp\/v2\/comments?post=2712"}],"version-history":[{"count":10,"href":"https:\/\/www.tacettintatliagiz.com\/2024\/wp-json\/wp\/v2\/pages\/2712\/revisions"}],"predecessor-version":[{"id":2728,"href":"https:\/\/www.tacettintatliagiz.com\/2024\/wp-json\/wp\/v2\/pages\/2712\/revisions\/2728"}],"wp:attachment":[{"href":"https:\/\/www.tacettintatliagiz.com\/2024\/wp-json\/wp\/v2\/media?parent=2712"}],"curies":[{"name":"wp","href":"https:\/\/api.w.org\/{rel}","templated":true}]}}