{"id":2749,"date":"2024-08-23T11:34:28","date_gmt":"2024-08-23T08:34:28","guid":{"rendered":"https:\/\/www.tacettintatliagiz.com\/2024\/?page_id=2749"},"modified":"2024-08-23T11:34:54","modified_gmt":"2024-08-23T08:34:54","slug":"marka-danismanligi","status":"publish","type":"page","link":"https:\/\/www.tacettintatliagiz.com\/2024\/marka-danismanligi\/","title":{"rendered":"Marka Dan\u0131\u015fmanl\u0131\u011f\u0131"},"content":{"rendered":"\n<p>G\u00fcn\u00fcm\u00fczde, bir mal ya da hizmet sat\u0131n al\u0131n\u0131rken, hemen her konuda markalar\u0131n ne kadar \u00f6nemli oldu\u011funu, t\u00fcketicinin genellikle iyi bildi\u011fi, akl\u0131nda iyi yer etmi\u015f, olumlu ve kuvvetli imaja sahip olan \u00fcr\u00fcn ve hizmetlere y\u00f6neldiklerini, bunlar\u0131 sat\u0131n ald\u0131klar\u0131n\u0131 art\u0131k hepimiz iyi biliyoruz.<\/p>\n\n\n\n<h2 class=\"wp-block-heading\"><em>Marka g\u00fc\u00e7t\u00fcr.<\/em><\/h2>\n\n\n\n<p>Ayn\u0131 b\u00f6lgede yer alan herhangi bir b\u00fcfe ile, biraz ilerdeki bir \u201cTan\u0131t\u0131lm\u0131\u015f ismi olan Firman\u0131n\u201d g\u00fcnl\u00fck i\u015f yapabilme potansiyelini kar\u015f\u0131la\u015ft\u0131rabilmek, aradaki fark\u0131n ne kadar b\u00fcy\u00fck oldu\u011funu saptamak i\u00e7in mutlaka derinlemesine bir ara\u015ft\u0131rmaya gerek yoktur. Aradaki bu fark\u0131 yaratan o markan\u0131n g\u00fcc\u00fcd\u00fcr.<\/p>\n\n\n\n<p>\u00c7evremize bakt\u0131\u011f\u0131m\u0131zda, t\u00fcm i\u015f sahalar\u0131nda, her g\u00fcn y\u00fczlerce yeni firman\u0131n kuruldu\u011funu, ancak bu firmalar\u0131n, baz\u0131 \u00fcst\u00fcn niteliklere sahip olsalar bile m\u00fc\u015fteri bulmakta, pazardaki lay\u0131k olduklar\u0131 yeri ve pay\u0131 almakta b\u00fcy\u00fck zorluklar ya\u015fad\u0131klar\u0131n\u0131 g\u00f6rmekteyiz. Bu firmalar\u0131n \u00e7o\u011fu bazen yaln\u0131zl\u0131ktan, iyi i\u015fletilememekten, baz\u0131lar\u0131 yo\u011fun rekabet \u015fartlar\u0131ndan, baz\u0131lar\u0131 da\u00a0<strong>iyi bir firma \/ marka kimli\u011fi<\/strong>\u00a0olu\u015fturamad\u0131klar\u0131ndan \u015fikayet ederler. <\/p>\n\n\n\n<p>Ve bu \u015fikayetler zaman\u0131nda \u00e7\u00f6z\u00fcmlenmedi\u011finde ise bu\u00a0<strong>firma \/ markalar<\/strong>\u00a0ya yerlerinde sayarlar ya da bir g\u00fcn gelip, piyasadan silinip giderler. Tabii burada, ayakta kalan, geli\u015fen, b\u00fcy\u00fcyen\u00a0<strong>firma \/ markalar\u0131<\/strong>\u00a0derinlemesine olmadan, \u015f\u00f6ylesine bir inceledi\u011fimizde, bunu \u00f6ncelikli olarak\u00a0<strong>iyi y\u00f6netim kadrolar\u0131yla<\/strong>, sonra da bu kadrolar\u0131n iyi marka kimlikleri yaratarak ba\u015fard\u0131klar\u0131n\u0131 g\u00f6rmekteyiz. <\/p>\n\n\n\n<p>Bu ba\u015far\u0131da,\u00a0<strong>firma \/ markalara<\/strong>\u00a0koyulan isimlerden, geli\u015ftirilen pazarlama \/ sat\u0131\u015f stratejilerine, \u00f6zg\u00fcn \u0130leti\u015fim \/ Tan\u0131t\u0131m tekniklerine kadar bir\u00e7ok \u015feyin \u00f6nemi vard\u0131r.<\/p>\n","protected":false},"excerpt":{"rendered":"<p>G\u00fcn\u00fcm\u00fczde, bir mal ya da hizmet sat\u0131n al\u0131n\u0131rken, hemen her konuda markalar\u0131n ne kadar \u00f6nemli oldu\u011funu, t\u00fcketicinin genellikle iyi bildi\u011fi,&#8230; <\/p>\n<div class=\"readmore\"><a href=\"https:\/\/www.tacettintatliagiz.com\/2024\/marka-danismanligi\/\" class=\"lnk\">Read more<\/a><\/div>\n","protected":false},"author":1,"featured_media":2514,"parent":0,"menu_order":0,"comment_status":"closed","ping_status":"closed","template":"","meta":{"_acf_changed":false,"_monsterinsights_skip_tracking":false,"_monsterinsights_sitenote_active":false,"_monsterinsights_sitenote_note":"","_monsterinsights_sitenote_category":0,"footnotes":""},"class_list":["post-2749","page","type-page","status-publish","has-post-thumbnail","hentry"],"acf":[],"aioseo_notices":[],"_links":{"self":[{"href":"https:\/\/www.tacettintatliagiz.com\/2024\/wp-json\/wp\/v2\/pages\/2749","targetHints":{"allow":["GET"]}}],"collection":[{"href":"https:\/\/www.tacettintatliagiz.com\/2024\/wp-json\/wp\/v2\/pages"}],"about":[{"href":"https:\/\/www.tacettintatliagiz.com\/2024\/wp-json\/wp\/v2\/types\/page"}],"author":[{"embeddable":true,"href":"https:\/\/www.tacettintatliagiz.com\/2024\/wp-json\/wp\/v2\/users\/1"}],"replies":[{"embeddable":true,"href":"https:\/\/www.tacettintatliagiz.com\/2024\/wp-json\/wp\/v2\/comments?post=2749"}],"version-history":[{"count":1,"href":"https:\/\/www.tacettintatliagiz.com\/2024\/wp-json\/wp\/v2\/pages\/2749\/revisions"}],"predecessor-version":[{"id":2750,"href":"https:\/\/www.tacettintatliagiz.com\/2024\/wp-json\/wp\/v2\/pages\/2749\/revisions\/2750"}],"wp:featuredmedia":[{"embeddable":true,"href":"https:\/\/www.tacettintatliagiz.com\/2024\/wp-json\/wp\/v2\/media\/2514"}],"wp:attachment":[{"href":"https:\/\/www.tacettintatliagiz.com\/2024\/wp-json\/wp\/v2\/media?parent=2749"}],"curies":[{"name":"wp","href":"https:\/\/api.w.org\/{rel}","templated":true}]}}