{"id":2758,"date":"2024-08-23T11:38:32","date_gmt":"2024-08-23T08:38:32","guid":{"rendered":"https:\/\/www.tacettintatliagiz.com\/2024\/?page_id=2758"},"modified":"2024-08-23T11:38:34","modified_gmt":"2024-08-23T08:38:34","slug":"projelendirme","status":"publish","type":"page","link":"https:\/\/www.tacettintatliagiz.com\/2024\/projelendirme\/","title":{"rendered":"Projelendirme"},"content":{"rendered":"\n<p>Tasar\u0131m projeleri genellikle g\u00fcnl\u00fck hayattta kar\u015f\u0131la\u015ft\u0131\u011f\u0131n\u0131z problemlere y\u00f6nelik , o problemi \u00e7\u00f6zecek ya da daha iyi yapacak bir modelin \/ arac\u0131n geli\u015ftirilmesi esas\u0131na dayan\u0131r. Bu model yada ara\u00e7 belirli kriterlere g\u00f6re test edilir. E\u011fer insanlar\u0131n i\u015flerini kolayla\u015ft\u0131r\u0131yor yada probleme bir \u00e7\u00f6z\u00fcm getiriyorsa o tasar\u0131m projesidir. Tasar\u0131m projelerini yaparken &#8220;Tasar\u0131m D\u00f6ng\u00fcs\u00fc&#8221; ad\u0131 verilen y\u00f6ntemi takip etmek yapaca\u011f\u0131m\u0131z i\u015fleri kolayla\u015ft\u0131racak daha d\u00fczenli hale sokacakt\u0131r.<\/p>\n\n\n\n<p><strong>Peki Tasar\u0131m Projesi Hangi Basamaklardan Olu\u015fur?<\/strong><br><br><em>1-Problemi Belirleme<\/em><br><br>* NE? Problem nedir ve \u00e7\u00f6z\u00fcm\u00fc i\u00e7in neye ihtiya\u00e7 var?<br>* K\u0130M? Kimin problemi ve kimin ihtiyac\u0131 var?<br>* NEDEN? Bu problemi \u00e7\u00f6zmek neden \u00f6nemli?<br><br>Problem belirleme a\u015famlar\u0131nda bu sorular asl\u0131nda problemimizin ortaya \u00e7\u0131kmas\u0131n\u0131 ve onu daha iyi tan\u0131mam\u0131z\u0131 sa\u011flayacakt\u0131r.<br><br><em>2-Problemi Ara\u015ft\u0131rma<\/em><br>Bu problemle ilgili daha \u00f6nce yap\u0131lm\u0131\u015f ara\u015ft\u0131rmalara bak\u0131l\u0131r. Bu probleme y\u00f6nelik \u00fcretilmi\u015f ara\u00e7lar veya modellere neler bunlar belirlenir. Daha sonra bu ara\u00e7 ve modellerin iyi yanlar\u0131 , k\u00f6t\u00fc yanlar\u0131 , yetersiz kald\u0131\u011f\u0131 noktalar analiz edilir.Tasar\u0131m\u0131n\u0131z\u0131 yaparken ne gibi materyallere ihtiya\u00e7 duyaca\u011f\u0131n\u0131z\u0131 ortaya \u00e7\u0131kar\u0131r. B\u00f6ylelikle yapaca\u011f\u0131m\u0131z tasar\u0131m\u0131n zay\u0131f yanlar\u0131n\u0131 ve g\u00fc\u00e7l\u00fc yanlar\u0131n\u0131 daha rahat belirleyebiliriz.<br><br><em>3-Olas\u0131 \u00c7\u00f6z\u00fcmler Geli\u015ftirme<\/em><br>Bir problemi \u00e7\u00f6zmek i\u00e7in birden fazla yol bulunmaktad\u0131r fakat her yolun g\u00fc\u00e7l\u00fc yanlar\u0131 olabilece\u011fi gibi zay\u0131f yanlar\u0131da bulunmaktad\u0131r. Birden fazla \u00e7\u00f6z\u00fcm yolu geli\u015ftirip probleme farkl\u0131 a\u00e7\u0131laradan bakmak gerekir.B\u00f6ylelikle en iyi tasar\u0131ma giden yolda elinizde \u00e7ok kaynak olmu\u015f olur.<br><br><em>4-En iyi \u00c7\u00f6z\u00fcm\u00fc Se\u00e7me<\/em><br>Her tasar\u0131m\u0131n g\u00fc\u00e7l\u00fc y\u00f6nleri olabiliece\u011fi gibi zay\u0131f y\u00f6nleride bulunmaktad\u0131r. B\u00f6yle durumda elimizdeki senaryolar aras\u0131nda i\u015fimize en \u00e7ok yarayacak ve en \u00e7ok fayda sa\u011flayacak olan\u0131 se\u00e7meli o tasar\u0131m \u00fczerinde geli\u015ftirmeler yapmal\u0131y\u0131z.<br><br><em>5-Prototip Olu\u015fturma\/Yap\u0131land\u0131rma<\/em><br>Prototip ortaya \u00e7\u0131kan ilk \u00f6rnektir. Bunu yaparken genellikle daha basit ve i\u015flevsel malzemeler kullanmak daha mant\u0131kl\u0131d\u0131r. Hatta baz\u0131 prototipleri dijital ortamda haz\u0131rlad\u0131ktan sonra test etmek daha ak\u0131ll\u0131ca olabilir.<br><br><em>6-\u00c7\u00f6z\u00fcmleri Test Etme ve De\u011ferlendirme<\/em><br>Problemin \u00e7\u00f6z\u00fcm\u00fc i\u00e7in geli\u015ftirilen prototipi \u00f6nceden belirledi\u011finiz kriterleri esas alarak de\u011ferlendirmeye sokar\u0131z. B\u00f6ylelikle yapt\u0131\u011f\u0131m\u0131z tasar\u0131m\u0131n \u00e7al\u0131\u015f\u0131p \u00e7al\u0131\u015fmad\u0131\u011f\u0131n\u0131 test eder ona g\u00f6re son d\u00fczenlemeleri yapar ve son halini veririz.Tasar\u0131m\u0131n son halini verirken sorunlar giderilir. Bu a\u015famada bilgili ve ilgili olan ki\u015filere tasar\u0131m ile ilgili sorular sorularak g\u00f6r\u00fc\u015f ve \u00f6nerilerini kullanabilirsiniz.<\/p>\n","protected":false},"excerpt":{"rendered":"<p>Tasar\u0131m projeleri genellikle g\u00fcnl\u00fck hayattta kar\u015f\u0131la\u015ft\u0131\u011f\u0131n\u0131z problemlere y\u00f6nelik , o problemi \u00e7\u00f6zecek ya da daha iyi yapacak bir modelin \/&#8230; <\/p>\n<div class=\"readmore\"><a href=\"https:\/\/www.tacettintatliagiz.com\/2024\/projelendirme\/\" class=\"lnk\">Read more<\/a><\/div>\n","protected":false},"author":1,"featured_media":2518,"parent":0,"menu_order":0,"comment_status":"closed","ping_status":"closed","template":"","meta":{"_acf_changed":false,"_monsterinsights_skip_tracking":false,"_monsterinsights_sitenote_active":false,"_monsterinsights_sitenote_note":"","_monsterinsights_sitenote_category":0,"footnotes":""},"class_list":["post-2758","page","type-page","status-publish","has-post-thumbnail","hentry"],"acf":[],"aioseo_notices":[],"_links":{"self":[{"href":"https:\/\/www.tacettintatliagiz.com\/2024\/wp-json\/wp\/v2\/pages\/2758","targetHints":{"allow":["GET"]}}],"collection":[{"href":"https:\/\/www.tacettintatliagiz.com\/2024\/wp-json\/wp\/v2\/pages"}],"about":[{"href":"https:\/\/www.tacettintatliagiz.com\/2024\/wp-json\/wp\/v2\/types\/page"}],"author":[{"embeddable":true,"href":"https:\/\/www.tacettintatliagiz.com\/2024\/wp-json\/wp\/v2\/users\/1"}],"replies":[{"embeddable":true,"href":"https:\/\/www.tacettintatliagiz.com\/2024\/wp-json\/wp\/v2\/comments?post=2758"}],"version-history":[{"count":1,"href":"https:\/\/www.tacettintatliagiz.com\/2024\/wp-json\/wp\/v2\/pages\/2758\/revisions"}],"predecessor-version":[{"id":2759,"href":"https:\/\/www.tacettintatliagiz.com\/2024\/wp-json\/wp\/v2\/pages\/2758\/revisions\/2759"}],"wp:featuredmedia":[{"embeddable":true,"href":"https:\/\/www.tacettintatliagiz.com\/2024\/wp-json\/wp\/v2\/media\/2518"}],"wp:attachment":[{"href":"https:\/\/www.tacettintatliagiz.com\/2024\/wp-json\/wp\/v2\/media?parent=2758"}],"curies":[{"name":"wp","href":"https:\/\/api.w.org\/{rel}","templated":true}]}}